{"id":1152,"date":"2021-12-29T13:48:31","date_gmt":"2021-12-29T12:48:31","guid":{"rendered":"https:\/\/nowak-kubiak.pl\/?page_id=1152"},"modified":"2022-09-26T16:51:05","modified_gmt":"2022-09-26T15:51:05","slug":"anna-hlozek","status":"publish","type":"page","link":"https:\/\/nowak-kubiak.pl\/pl\/anna-hlozek\/","title":{"rendered":"Anna Hlo\u017cek"},"content":{"rendered":"<p>[et_pb_section fb_built=&#8221;1&#8243; admin_label=&#8221;Page Title Section&#8221; _builder_version=&#8221;4.16&#8243; use_background_color_gradient=&#8221;on&#8221; background_color_gradient_stops=&#8221;#313e47 0%|rgba(49,62,71,0.5) 32%&#8221; background_color_gradient_overlays_image=&#8221;on&#8221; background_color_gradient_start=&#8221;#313e47&#8243; background_color_gradient_end=&#8221;rgba(49,62,71,0.5)&#8221; background_color_gradient_end_position=&#8221;32%&#8221; background_image=&#8221;https:\/\/nowak-kubiak.pl\/wp-content\/uploads\/2021\/12\/zespol.jpg&#8221; custom_padding=&#8221;120px||120px|&#8221; global_colors_info=&#8221;{}&#8221;][et_pb_row admin_label=&#8221;Page Title Area&#8221; _builder_version=&#8221;4.16&#8243; background_size=&#8221;initial&#8221; background_position=&#8221;top_left&#8221; background_repeat=&#8221;repeat&#8221; global_colors_info=&#8221;{}&#8221;][et_pb_column type=&#8221;4_4&#8243; _builder_version=&#8221;4.16&#8243; custom_padding=&#8221;|||&#8221; global_colors_info=&#8221;{}&#8221; custom_padding__hover=&#8221;|||&#8221;][et_pb_text admin_label=&#8221;Page Title&#8221; _builder_version=&#8221;4.16&#8243; text_text_color=&#8221;#ffffff&#8221; text_font_size=&#8221;18px&#8221; text_line_height=&#8221;2em&#8221; header_font=&#8221;Prata||||||||&#8221; header_font_size=&#8221;60px&#8221; header_line_height=&#8221;1.6em&#8221; text_orientation=&#8221;center&#8221; background_layout=&#8221;dark&#8221; max_width=&#8221;700px&#8221; module_alignment=&#8221;center&#8221; custom_margin=&#8221;||10px|&#8221; animation_style=&#8221;fade&#8221; header_font_size_tablet=&#8221;40px&#8221; header_font_size_phone=&#8221;&#8221; header_font_size_last_edited=&#8221;on|desktop&#8221; global_colors_info=&#8221;{}&#8221;]<\/p>\n<h1>Anna Hlo\u017cek<\/h1>\n<p>[\/et_pb_text][\/et_pb_column][\/et_pb_row][\/et_pb_section][et_pb_section fb_built=&#8221;1&#8243; admin_label=&#8221;Welcome Section&#8221; _builder_version=&#8221;4.16&#8243; background_color=&#8221;#d0d8d8&#8243; custom_padding=&#8221;90px||42px|||&#8221; global_colors_info=&#8221;{}&#8221;][et_pb_row column_structure=&#8221;2_3,1_3&#8243; _builder_version=&#8221;4.16&#8243; _module_preset=&#8221;default&#8221; global_colors_info=&#8221;{}&#8221;][et_pb_column type=&#8221;2_3&#8243; _builder_version=&#8221;4.16&#8243; _module_preset=&#8221;default&#8221; global_colors_info=&#8221;{}&#8221;][et_pb_text _builder_version=&#8221;4.16&#8243; header_2_text_color=&#8221;#1A3C47&#8243; animation_direction=&#8221;left&#8221; global_colors_info=&#8221;{}&#8221;]<\/p>\n<h2>Radca prawny od 2015 roku<\/h2>\n<p>&nbsp;<\/p>\n<ul>\n<li>Od czasu studi\u00f3w we wsp\u00f3\u0142pracy ze specjalistami rozwija\u0142a swoj\u0105 pasj\u0119 i budowa\u0142a do\u015bwiadczenie w sprawach rodzinnych.<\/li>\n<li>Pracowa\u0142a tak\u017ce w administracji samorz\u0105dowej i sp\u00f3\u0142kach prawa handlowego. <\/li>\n<li>Od 2019 roku prowadzi w\u0142asn\u0105 kancelari\u0119.<\/li>\n<\/ul>\n<p>[\/et_pb_text][et_pb_text _builder_version=&#8221;4.16&#8243; width=&#8221;100%&#8221; global_colors_info=&#8221;{}&#8221;]<\/p>\n<p>W trakcie swojej kariery zawodowej zajmowa\u0142a si\u0119 nast\u0119puj\u0105cymi dziedzinami prawa:<\/p>\n<p><strong>Prawo rodzinne i opieku\u0144cze:<\/strong><\/p>\n<ul>\n<li>rozwody i separacje,<\/li>\n<li>ma\u0142\u017ce\u0144skie sprawy maj\u0105tkowe, w tym sprawy o podzia\u0142u maj\u0105tku,<\/li>\n<li>alimenty &#8211; zar\u00f3wno na rzecz os\u00f3b uprawnionych jak i zobowi\u0105zanych do ich \u015bwiadczenia,<\/li>\n<li>opieka nad dzie\u0107mi, ustalanie kontakt\u00f3w, w\u0142adza rodzicielskia,<\/li>\n<li>reprezentacja Klient\u00f3w przed s\u0105dami<\/li>\n<li>a tak\u017ce doradza i prowadzi negocjacje.<\/li>\n<\/ul>\n<p><strong>Prawo spadkowe:<\/strong><\/p>\n<ul>\n<li>post\u0119powania spadkowe w tym<br \/>\u27a2 nabycie spadku<br \/>\u27a2 dzia\u0142 spadku &#8211; podzia\u0142 maj\u0105tku spadkowego,<br \/>\u27a2 zachowek.<\/li>\n<\/ul>\n<p><strong>Inne dziedziny:<\/strong><\/p>\n<ul>\n<li>reprezentuje Klient\u00f3w przed urz\u0119dami w zakresie prawa i post\u0119powania administracyjnego oraz prawa lokalowego,<\/li>\n<li>\u015bwiadczy obs\u0142ug\u0119 prawn\u0105 podmiot\u00f3w leczniczych publicznych jak i prywatnych, w tym w procesach o b\u0142\u0119dy w sztuce medycznej.<\/li>\n<\/ul>\n<p><strong>Ponadto:<\/strong><\/p>\n<ul>\n<li>Prowadzi negocjacje i pracuje z Klientami w zakresie pozas\u0105dowego rozwi\u0105zywania konflikt\u00f3w.<\/li>\n<li>Posiada znakomite kompetencje interpersonalne.<\/li>\n<li>Uko\u0144czy\u0142a studia podyplomowe z zakresu Prawa sp\u00f3\u0142ek handlowych.<\/li>\n<\/ul>\n<p>[\/et_pb_text][\/et_pb_column][et_pb_column type=&#8221;1_3&#8243; _builder_version=&#8221;4.16&#8243; _module_preset=&#8221;default&#8221; global_colors_info=&#8221;{}&#8221;][et_pb_image src=&#8221;https:\/\/nowak-kubiak.pl\/wp-content\/uploads\/2021\/12\/AniaH_big.jpg&#8221; title_text=&#8221;AniaH_big&#8221; show_bottom_space=&#8221;off&#8221; force_fullwidth=&#8221;on&#8221; align_tablet=&#8221;center&#8221; align_phone=&#8221;&#8221; align_last_edited=&#8221;on|desktop&#8221; _builder_version=&#8221;4.16&#8243; animation_style=&#8221;slide&#8221; animation_direction=&#8221;right&#8221; animation_intensity_slide=&#8221;2%&#8221; border_width_all=&#8221;20px&#8221; border_color_all=&#8221;#ffffff&#8221; box_shadow_style=&#8221;preset2&#8243; box_shadow_horizontal=&#8221;0px&#8221; box_shadow_vertical=&#8221;15px&#8221; box_shadow_blur=&#8221;60px&#8221; box_shadow_color=&#8221;rgba(29,61,71,0.2)&#8221; global_colors_info=&#8221;{}&#8221;][\/et_pb_image][et_pb_social_media_follow _builder_version=&#8221;4.16&#8243; _module_preset=&#8221;default&#8221; text_orientation=&#8221;center&#8221; custom_margin=&#8221;41px||||false|false&#8221; global_colors_info=&#8221;{}&#8221;][et_pb_social_media_follow_network social_network=&#8221;linkedin&#8221; url=&#8221;https:\/\/www.linkedin.com\/in\/annahlozek\/&#8221; _builder_version=&#8221;4.16&#8243; _module_preset=&#8221;default&#8221; background_color=&#8221;#007bb6&#8243; global_colors_info=&#8221;{}&#8221; follow_button=&#8221;off&#8221; url_new_window=&#8221;on&#8221;]linkedin[\/et_pb_social_media_follow_network][\/et_pb_social_media_follow][\/et_pb_column][\/et_pb_row][\/et_pb_section][et_pb_section fb_built=&#8221;1&#8243; _builder_version=&#8221;4.16&#8243; min_height=&#8221;369px&#8221; global_colors_info=&#8221;{}&#8221;][et_pb_row _builder_version=&#8221;4.16&#8243; global_colors_info=&#8221;{}&#8221;][et_pb_column type=&#8221;4_4&#8243; _builder_version=&#8221;4.16&#8243; global_colors_info=&#8221;{}&#8221;][et_pb_image src=&#8221;https:\/\/nowak-kubiak.pl\/wp-content\/uploads\/2021\/12\/logo.png&#8221; title_text=&#8221;logo&#8221; align=&#8221;center&#8221; _builder_version=&#8221;4.16&#8243; global_colors_info=&#8221;{}&#8221;][\/et_pb_image][et_pb_text _builder_version=&#8221;4.16&#8243; text_orientation=&#8221;center&#8221; module_alignment=&#8221;center&#8221; global_colors_info=&#8221;{}&#8221;]ul. Parkowa 13\/17 lok. 140,<br \/>\n00-759 Warszawa<br \/>\nTel: +48 22 660 4040,<br \/>\nfax: +48 22 660 4049[\/et_pb_text][\/et_pb_column][\/et_pb_row][\/et_pb_section]<\/p>\n","protected":false},"excerpt":{"rendered":"<p>Anna Hlo\u017cekRadca prawny od 2015 roku &nbsp; Od czasu studi\u00f3w we wsp\u00f3\u0142pracy ze specjalistami rozwija\u0142a swoj\u0105 pasj\u0119 i budowa\u0142a do\u015bwiadczenie w sprawach rodzinnych. Pracowa\u0142a tak\u017ce w administracji samorz\u0105dowej i sp\u00f3\u0142kach prawa handlowego. Od 2019 roku prowadzi w\u0142asn\u0105 kancelari\u0119. W trakcie swojej kariery zawodowej zajmowa\u0142a si\u0119 nast\u0119puj\u0105cymi dziedzinami prawa: Prawo rodzinne i opieku\u0144cze: rozwody i separacje, [&hellip;]<\/p>\n","protected":false},"author":1,"featured_media":0,"parent":0,"menu_order":0,"comment_status":"closed","ping_status":"closed","template":"","meta":{"_et_pb_use_builder":"on","_et_pb_old_content":"","_et_gb_content_width":"","footnotes":""},"class_list":["post-1152","page","type-page","status-publish","hentry"],"_links":{"self":[{"href":"https:\/\/nowak-kubiak.pl\/pl\/wp-json\/wp\/v2\/pages\/1152","targetHints":{"allow":["GET"]}}],"collection":[{"href":"https:\/\/nowak-kubiak.pl\/pl\/wp-json\/wp\/v2\/pages"}],"about":[{"href":"https:\/\/nowak-kubiak.pl\/pl\/wp-json\/wp\/v2\/types\/page"}],"author":[{"embeddable":true,"href":"https:\/\/nowak-kubiak.pl\/pl\/wp-json\/wp\/v2\/users\/1"}],"replies":[{"embeddable":true,"href":"https:\/\/nowak-kubiak.pl\/pl\/wp-json\/wp\/v2\/comments?post=1152"}],"version-history":[{"count":11,"href":"https:\/\/nowak-kubiak.pl\/pl\/wp-json\/wp\/v2\/pages\/1152\/revisions"}],"predecessor-version":[{"id":1689,"href":"https:\/\/nowak-kubiak.pl\/pl\/wp-json\/wp\/v2\/pages\/1152\/revisions\/1689"}],"wp:attachment":[{"href":"https:\/\/nowak-kubiak.pl\/pl\/wp-json\/wp\/v2\/media?parent=1152"}],"curies":[{"name":"wp","href":"https:\/\/api.w.org\/{rel}","templated":true}]}}