{"id":721,"date":"2020-07-10T06:55:04","date_gmt":"2020-07-10T06:55:04","guid":{"rendered":"https:\/\/nowak-kubiak.pl\/?page_id=721"},"modified":"2022-01-03T23:50:01","modified_gmt":"2022-01-03T22:50:01","slug":"joanna-nowak-kubiak","status":"publish","type":"page","link":"https:\/\/nowak-kubiak.pl\/pl\/joanna-nowak-kubiak\/","title":{"rendered":"Joanna Nowak-Kubiak"},"content":{"rendered":"<p>[et_pb_section fb_built=&#8221;1&#8243; admin_label=&#8221;Page Title Section&#8221; _builder_version=&#8221;4.14.4&#8243; use_background_color_gradient=&#8221;on&#8221; background_color_gradient_start=&#8221;#313e47&#8243; background_color_gradient_end=&#8221;rgba(49,62,71,0.5)&#8221; background_color_gradient_end_position=&#8221;32%&#8221; background_color_gradient_overlays_image=&#8221;on&#8221; background_image=&#8221;https:\/\/nowak-kubiak.pl\/wp-content\/uploads\/2021\/12\/zespol.jpg&#8221; custom_padding=&#8221;120px||120px|&#8221; global_colors_info=&#8221;{}&#8221;][et_pb_row admin_label=&#8221;Page Title Area&#8221; _builder_version=&#8221;4.8.1&#8243; background_size=&#8221;initial&#8221; background_position=&#8221;top_left&#8221; background_repeat=&#8221;repeat&#8221; global_colors_info=&#8221;{}&#8221;][et_pb_column type=&#8221;4_4&#8243; _builder_version=&#8221;3.25&#8243; custom_padding=&#8221;|||&#8221; global_colors_info=&#8221;{}&#8221; custom_padding__hover=&#8221;|||&#8221;][et_pb_text admin_label=&#8221;Page Title&#8221; _builder_version=&#8221;4.14.4&#8243; text_text_color=&#8221;#ffffff&#8221; text_font_size=&#8221;18px&#8221; text_line_height=&#8221;2em&#8221; header_font=&#8221;Prata||||||||&#8221; header_font_size=&#8221;60px&#8221; header_line_height=&#8221;1.6em&#8221; text_orientation=&#8221;center&#8221; background_layout=&#8221;dark&#8221; max_width=&#8221;700px&#8221; module_alignment=&#8221;center&#8221; custom_margin=&#8221;||10px|&#8221; animation_style=&#8221;fade&#8221; header_font_size_tablet=&#8221;40px&#8221; header_font_size_phone=&#8221;&#8221; header_font_size_last_edited=&#8221;on|desktop&#8221; global_colors_info=&#8221;{}&#8221;]<\/p>\n<h1>Joanna Nowak-Kubiak<\/h1>\n<p>[\/et_pb_text][\/et_pb_column][\/et_pb_row][\/et_pb_section][et_pb_section fb_built=&#8221;1&#8243; admin_label=&#8221;Welcome Section&#8221; _builder_version=&#8221;4.4.8&#8243; background_color=&#8221;#d0d8d8&#8243; custom_padding=&#8221;90px||42px|||&#8221; global_colors_info=&#8221;{}&#8221;][et_pb_row column_structure=&#8221;2_3,1_3&#8243; _builder_version=&#8221;4.14.4&#8243; _module_preset=&#8221;default&#8221; global_colors_info=&#8221;{}&#8221;][et_pb_column type=&#8221;2_3&#8243; _builder_version=&#8221;4.14.4&#8243; _module_preset=&#8221;default&#8221; global_colors_info=&#8221;{}&#8221;][et_pb_text _builder_version=&#8221;4.14.4&#8243; header_2_text_color=&#8221;#1A3C47&#8243; animation_direction=&#8221;left&#8221; global_colors_info=&#8221;{}&#8221;]<\/p>\n<h2>Radca prawny od 2002 roku<\/h2>\n<p><\/p>\n<ul>\n<li>by\u0142a Dyrektor Departamentu Organizacyjno &#8211; Prawnego w Centrali Narodowego Funduszu Zdrowia.<\/li>\n<li>12 lat pracowa\u0142a jako radca prawny, tym przez 6 lat pe\u0142ni\u0142a funkcj\u0119 Naczelnika w Wydziale Prawnym dla Dzielnicy \u015ar\u00f3dmie\u015bcie Urz\u0119du m.st. Warszawy.<\/li>\n<li>W latach 2017-2021 roku Dyrektor Biura Prawnego Tramwaje Warszawskie sp. z o.o.<\/li>\n<li>od 2005 roku prowadzi w\u0142asn\u0105 kancelari\u0119.<\/li>\n<\/ul>\n<p>[\/et_pb_text][et_pb_text _builder_version=&#8221;4.14.4&#8243; width=&#8221;100%&#8221; global_colors_info=&#8221;{}&#8221;]W trakcie swojej kariery zawodowej zajmowa\u0142a si\u0119 nast\u0119puj\u0105cymi dziedzinami prawa:<\/p>\n<p><strong>Prawo medyczne:<\/strong><\/p>\n<ul>\n<li>Od 2005 roku nieprzerwanie zajmuje si\u0119 obs\u0142ug\u0105 podmiot\u00f3w leczniczych, zar\u00f3wno publicznych jak i prywatnych w tym indywidualnych praktyk lekarskich.<\/li>\n<li>Prowadzi procesy o b\u0142\u0119dy w sztuce medycznej reprezentuj\u0105c lekarzy i podmioty lecznicze. Na dzie\u0144 dzisiejszy oko\u0142o 95% proces\u00f3w, w kt\u00f3rych wyst\u0119powa\u0142a po stronie lekarzy i podmiot\u00f3w leczniczych zako\u0144czy\u0142o si\u0119 korzystnie dla jej klient\u00f3w.<\/li>\n<li>Kierownictwu obs\u0142ugiwanych podmiot\u00f3w leczniczych doradza tak\u017ce w zakresie kontroli zarz\u0105dczej, zarz\u0105dzania projektami i compliance wdra\u017caj\u0105c regulacje z tego zakresu.<\/li>\n<\/ul>\n<p><strong>Inwestycje budowlane i regulacje stan\u00f3w prawnych nieruchomo\u015bci:<\/strong><br \/>\nW tej dziedzinie dzi\u0119ki pracy zar\u00f3wno po stronie inwestor\u00f3w jak i w administracji samorz\u0105dowej naby\u0142a wiedz\u0119 i praktyczne umiej\u0119tno\u015bci z zakresu<\/p>\n<ul>\n<li>prawa budowlanego, um\u00f3w o roboty budowlane klasycznych jak i opartych o FIDIC\n<li>regulacji stan\u00f3w prawnych nieruchomo\u015bci,<\/li>\n<li>stosowania ustawy o gospodarce nieruchomo\u015bciami,<\/li>\n<li>wyw\u0142aszcze\u0144 nieruchomo\u015bci i uzyskiwania odszkodowania za wyw\u0142aszczenia,<\/li>\n<li>regulacji prawnych dotycz\u0105cych w\u0142asno\u015bci lokali, w tym wsp\u00f3lnot mieszkaniowych\n<li>prawnych aspekt\u00f3w prowadzenia procesu inwestycyjnego,<\/li>\n<li>reprezentacji przed organami administracji publicznej w post\u0119powaniach administracyjnych,<\/li>\n<li>reprezentacji przed s\u0105dami administracyjnymi i powszechnymi w powy\u017cszych dziedzinach<\/li>\n<\/ul>\n<p><strong>Negocjacje i mediacje:<\/strong><br \/>\nWspiera swoich klient\u00f3w w zakresie prowadzenia spraw spornych zar\u00f3wno wewn\u0119trznych (pracownik-pracodawca) jak i zewn\u0119trznych (klient-kontrahent) prowadz\u0105c w ich imieniu negocjacje oraz mediuj\u0105c wyst\u0119puj\u0105ce spory.<\/p>\n<p><strong>Ponadto<\/strong><\/p>\n<ul>\n<li>Wspiera Wsp\u00f3lnoty Mieszkaniowe w pe\u0142nym spektrum ich zada\u0144.<\/li>\n<li>Na rzecz kieruj\u0105cych jednostkami sektora finans\u00f3w publicznych prowadzi sprawy w zakresie zarzut\u00f3w o naruszenie dyscypliny finans\u00f3w publicznych.<\/li>\n<li>Jest autork\u0105 komentarzy do ustawy o dzia\u0142alno\u015bci leczniczej i ustawy o \u015bwiadczeniach opieki zdrowotnej finansowych ze \u015brodk\u00f3w publicznych.<\/li>\n<li>Uko\u0144czy\u0142a studia podyplomowe z zakresu Compliance oraz Negocjacji i Mediacji<\/li>\n<li>Posiada Certyfikat Prince 2 Foundation.<\/li>\n<\/ul>\n<p>[\/et_pb_text][\/et_pb_column][et_pb_column type=&#8221;1_3&#8243; _builder_version=&#8221;4.14.4&#8243; _module_preset=&#8221;default&#8221; global_colors_info=&#8221;{}&#8221;][et_pb_image src=&#8221;https:\/\/nowak-kubiak.pl\/wp-content\/uploads\/2020\/07\/Aska_big.jpg&#8221; title_text=&#8221;Aska_big&#8221; show_bottom_space=&#8221;off&#8221; force_fullwidth=&#8221;on&#8221; align_tablet=&#8221;center&#8221; align_phone=&#8221;&#8221; align_last_edited=&#8221;on|desktop&#8221; _builder_version=&#8221;4.14.4&#8243; animation_style=&#8221;slide&#8221; animation_direction=&#8221;right&#8221; animation_intensity_slide=&#8221;2%&#8221; border_width_all=&#8221;20px&#8221; border_color_all=&#8221;#ffffff&#8221; box_shadow_style=&#8221;preset2&#8243; box_shadow_horizontal=&#8221;0px&#8221; box_shadow_vertical=&#8221;15px&#8221; box_shadow_blur=&#8221;60px&#8221; box_shadow_color=&#8221;rgba(29,61,71,0.2)&#8221; global_colors_info=&#8221;{}&#8221;][\/et_pb_image][et_pb_social_media_follow _builder_version=&#8221;4.14.4&#8243; _module_preset=&#8221;default&#8221; text_orientation=&#8221;center&#8221; custom_margin=&#8221;41px||||false|false&#8221; global_colors_info=&#8221;{}&#8221;][et_pb_social_media_follow_network social_network=&#8221;linkedin&#8221; url=&#8221;https:\/\/www.linkedin.com\/in\/joanna-nowak-kubiak\/&#8221; _builder_version=&#8221;4.8.1&#8243; _module_preset=&#8221;default&#8221; background_color=&#8221;#007bb6&#8243; global_colors_info=&#8221;{}&#8221; follow_button=&#8221;off&#8221; url_new_window=&#8221;on&#8221;]linkedin[\/et_pb_social_media_follow_network][\/et_pb_social_media_follow][\/et_pb_column][\/et_pb_row][\/et_pb_section][et_pb_section fb_built=&#8221;1&#8243; _builder_version=&#8221;4.4.8&#8243; min_height=&#8221;369px&#8221; global_colors_info=&#8221;{}&#8221;][et_pb_row _builder_version=&#8221;4.4.8&#8243; global_colors_info=&#8221;{}&#8221;][et_pb_column type=&#8221;4_4&#8243; _builder_version=&#8221;4.4.8&#8243; global_colors_info=&#8221;{}&#8221;][et_pb_image src=&#8221;https:\/\/nowak-kubiak.pl\/wp-content\/uploads\/2021\/12\/logo.png&#8221; title_text=&#8221;logo&#8221; align=&#8221;center&#8221; _builder_version=&#8221;4.14.4&#8243; global_colors_info=&#8221;{}&#8221;][\/et_pb_image][et_pb_text _builder_version=&#8221;4.14.4&#8243; text_orientation=&#8221;center&#8221; module_alignment=&#8221;center&#8221; global_colors_info=&#8221;{}&#8221;]ul. Parkowa 13\/17 lok. 140,<br \/>\n00-759 Warszawa<br \/>\nTel: +48 22 660 4040,<br \/>\nfax: +48 22 660 4049[\/et_pb_text][\/et_pb_column][\/et_pb_row][\/et_pb_section]<\/p>\n","protected":false},"excerpt":{"rendered":"<p>Joanna Nowak-KubiakRadca prawny od 2002 roku by\u0142a Dyrektor Departamentu Organizacyjno &#8211; Prawnego w Centrali Narodowego Funduszu Zdrowia. 12 lat pracowa\u0142a jako radca prawny, tym przez 6 lat pe\u0142ni\u0142a funkcj\u0119 Naczelnika w Wydziale Prawnym dla Dzielnicy \u015ar\u00f3dmie\u015bcie Urz\u0119du m.st. Warszawy. W latach 2017-2021 roku Dyrektor Biura Prawnego Tramwaje Warszawskie sp. z o.o. od 2005 roku prowadzi [&hellip;]<\/p>\n","protected":false},"author":1,"featured_media":0,"parent":0,"menu_order":0,"comment_status":"closed","ping_status":"closed","template":"","meta":{"_et_pb_use_builder":"on","_et_pb_old_content":"","_et_gb_content_width":"","footnotes":""},"class_list":["post-721","page","type-page","status-publish","hentry"],"_links":{"self":[{"href":"https:\/\/nowak-kubiak.pl\/pl\/wp-json\/wp\/v2\/pages\/721","targetHints":{"allow":["GET"]}}],"collection":[{"href":"https:\/\/nowak-kubiak.pl\/pl\/wp-json\/wp\/v2\/pages"}],"about":[{"href":"https:\/\/nowak-kubiak.pl\/pl\/wp-json\/wp\/v2\/types\/page"}],"author":[{"embeddable":true,"href":"https:\/\/nowak-kubiak.pl\/pl\/wp-json\/wp\/v2\/users\/1"}],"replies":[{"embeddable":true,"href":"https:\/\/nowak-kubiak.pl\/pl\/wp-json\/wp\/v2\/comments?post=721"}],"version-history":[{"count":19,"href":"https:\/\/nowak-kubiak.pl\/pl\/wp-json\/wp\/v2\/pages\/721\/revisions"}],"predecessor-version":[{"id":1496,"href":"https:\/\/nowak-kubiak.pl\/pl\/wp-json\/wp\/v2\/pages\/721\/revisions\/1496"}],"wp:attachment":[{"href":"https:\/\/nowak-kubiak.pl\/pl\/wp-json\/wp\/v2\/media?parent=721"}],"curies":[{"name":"wp","href":"https:\/\/api.w.org\/{rel}","templated":true}]}}