{"id":1404,"date":"2021-12-31T06:26:43","date_gmt":"2021-12-31T05:26:43","guid":{"rendered":"https:\/\/nowak-kubiak.pl\/polityka-plikow-cookies-eu\/"},"modified":"2022-01-11T13:30:05","modified_gmt":"2022-01-11T12:30:05","slug":"polityka-plikow-cookies-eu","status":"publish","type":"page","link":"https:\/\/nowak-kubiak.pl\/ru\/polityka-plikow-cookies-eu\/","title":{"rendered":"\u041f\u043e\u043b\u0438\u0442\u0438\u043a\u0430  \u043a\u0443\u043a\u0438"},"content":{"rendered":"<p>[et_pb_section fb_built=&#8221;1&#8243; admin_label=&#8221;Page Title Section&#8221; _builder_version=&#8221;4.14.4&#8243; use_background_color_gradient=&#8221;on&#8221; background_color_gradient_start=&#8221;#313e47&#8243; background_color_gradient_end=&#8221;rgba(49,62,71,0.5)&#8221; background_color_gradient_end_position=&#8221;32%&#8221; background_color_gradient_overlays_image=&#8221;on&#8221; background_image=&#8221;https:\/\/nowak-kubiak.pl\/wp-content\/uploads\/2021\/12\/polityka.jpg&#8221; custom_padding=&#8221;120px||120px|&#8221; global_colors_info=&#8221;{}&#8221;][et_pb_row admin_label=&#8221;Page Title Area&#8221; _builder_version=&#8221;4.8.1&#8243; background_size=&#8221;initial&#8221; background_position=&#8221;top_left&#8221; background_repeat=&#8221;repeat&#8221; global_colors_info=&#8221;{}&#8221;][et_pb_column type=&#8221;4_4&#8243; _builder_version=&#8221;3.25&#8243; custom_padding=&#8221;|||&#8221; global_colors_info=&#8221;{}&#8221; custom_padding__hover=&#8221;|||&#8221;][et_pb_text admin_label=&#8221;Page Title&#8221; _builder_version=&#8221;4.14.4&#8243; text_text_color=&#8221;#ffffff&#8221; text_font_size=&#8221;18px&#8221; text_line_height=&#8221;2em&#8221; header_font=&#8221;Prata||||||||&#8221; header_font_size=&#8221;60px&#8221; header_line_height=&#8221;1.6em&#8221; text_orientation=&#8221;center&#8221; background_layout=&#8221;dark&#8221; max_width=&#8221;700px&#8221; module_alignment=&#8221;center&#8221; custom_margin=&#8221;||10px|&#8221; animation_style=&#8221;fade&#8221; header_font_size_tablet=&#8221;40px&#8221; header_font_size_phone=&#8221;&#8221; header_font_size_last_edited=&#8221;on|desktop&#8221; global_colors_info=&#8221;{}&#8221;]<\/p>\n<h1>Polityka cookies<\/h1>\n<p>[\/et_pb_text][et_pb_text _builder_version=&#8221;4.14.4&#8243; _module_preset=&#8221;default&#8221; text_font_size=&#8221;18px&#8221; text_orientation=&#8221;center&#8221; background_layout=&#8221;dark&#8221; custom_margin=&#8221;-20px||||false|false&#8221; custom_margin_tablet=&#8221;&#8221; custom_margin_phone=&#8221;&#8221; custom_margin_last_edited=&#8221;on|desktop&#8221; global_colors_info=&#8221;{}&#8221;]<\/p>\n<p>Jak przetwarzamy Pa\u0144stwa dane osobowe<\/p>\n<p>[\/et_pb_text][\/et_pb_column][\/et_pb_row][\/et_pb_section][et_pb_section fb_built=&#8221;1&#8243; _builder_version=&#8221;4.4.9&#8243; global_colors_info=&#8221;{}&#8221;][et_pb_row _builder_version=&#8221;4.4.9&#8243; global_colors_info=&#8221;{}&#8221;][et_pb_column type=&#8221;4_4&#8243; _builder_version=&#8221;4.4.9&#8243; global_colors_info=&#8221;{}&#8221;][et_pb_text _builder_version=&#8221;4.14.4&#8243; width=&#8221;75%&#8221; module_alignment=&#8221;center&#8221; global_colors_info=&#8221;{}&#8221;]<\/p>\n<div id=\"left-area\">\n<article id=\"post-1409\" class=\"post-1409 page type-page status-publish hentry\">\n<h1 class=\"entry-title main_title\">Polityka plik\u00f3w cookies (EU)<\/h1>\n<div class=\"entry-content\">\n<div id=\"cmplz-document\" class=\"cmplz-document cookie-statement\">\n<p><i>To o\u015bwiadczenie dotycz\u0105ce plik\u00f3w cookie by\u0142o ostatnio aktualizowane grudzie\u0144 31, 2021 i dotyczy obywateli Europejskiego Obszaru Gospodarczego.<\/i><\/p>\n<h2>1. Wprowadzenie<\/h2>\n<p>Nasza strona internetowa, <a href=\"https:\/\/nowak-kubiak.pl\">https:\/\/nowak-kubiak.pl<\/a> (dalej: \u201estrona internetowa\u201d) u\u017cywa plik\u00f3w cookie i innych powi\u0105zanych technologii (dla wygody wszystkie technologie s\u0105 okre\u015blane jako \u201epliki cookie\u201d). Pliki cookie s\u0105 r\u00f3wnie\u017c umieszczane przez strony zewn\u0119trzne. W poni\u017cszym dokumencie informujemy o korzystaniu z plik\u00f3w cookie na naszej stronie internetowej.<\/p>\n<h2>2. Czym s\u0105 cookies?<\/h2>\n<p>Plik cookie to niewielki prosty plik wysy\u0142any wraz ze stronami tej witryny i przechowywany przez przegl\u0105dark\u0119 na dysku twardym komputera lub innego urz\u0105dzenia. Informacje w nich przechowywane mog\u0105 zosta\u0107 zwr\u00f3cone na nasze serwery lub do serwer\u00f3w odpowiednich stron trzecich podczas kolejnej wizyty.<\/p>\n<h2>3. Czym s\u0105 skrypty?<\/h2>\n<p>Skrypt to fragment kodu programu, kt\u00f3ry s\u0142u\u017cy do prawid\u0142owego i interaktywnego dzia\u0142ania naszej witryny. Ten kod jest wykonywany na naszym serwerze lub na twoim urz\u0105dzeniu.<\/p>\n<h2>4. Ciasteczka<\/h2>\n<p class=\"cmplz-subtitle\">4.1 Ciasteczka techniczne lub funkcjonalne<\/p>\n<p>Niekt\u00f3re pliki cookie zapewniaj\u0105 prawid\u0142owe dzia\u0142anie niekt\u00f3rych cz\u0119\u015bci witryny i poznanie preferencji u\u017cytkownika. Umieszczaj\u0105c funkcjonalne pliki cookie, u\u0142atwiamy odwiedzanie naszej strony internetowej. W ten spos\u00f3b nie musisz wielokrotnie wprowadza\u0107 tych samych informacji podczas odwiedzania naszej strony internetowej i, na przyk\u0142ad, przedmioty pozostaj\u0105 w koszyku, dop\u00f3ki nie zap\u0142acisz. Mo\u017cemy umie\u015bci\u0107 te pliki cookie bez Twojej zgody.<\/p>\n<h2>5. Umieszczone pliki cookie<\/h2>\n<div id=\"cmplz-cookies-overview\"><\/div>\n<h2>6. Twoje prawa w odniesieniu do danych osobowych<\/h2>\n<p>Masz nast\u0119puj\u0105ce prawa w odniesieniu do swoich danych osobowych:<\/p>\n<ul>\n<li>Masz prawo wiedzie\u0107, dlaczego Twoje dane osobowe s\u0105 potrzebne, co si\u0119 z nimi stanie i jak d\u0142ugo b\u0119d\u0105 przechowywane.<\/li>\n<li>Prawo dost\u0119pu: masz prawo dost\u0119pu do znanych nam danych osobowych.<\/li>\n<li>Prawo do sprostowania: masz prawo do uzupe\u0142nienia, poprawienia, usuni\u0119cia lub zablokowania danych osobowych w dowolnym momencie.<\/li>\n<li>Je\u015bli wyrazisz zgod\u0119 na przetwarzanie swoich danych, masz prawo odwo\u0142a\u0107 t\u0119 zgod\u0119 i usun\u0105\u0107 swoje dane osobowe.<\/li>\n<li>Prawo do przekazywania danych: masz prawo za\u017c\u0105da\u0107 od administratora wszystkich swoich danych osobowych i przekaza\u0107 je w ca\u0142o\u015bci innemu kontrolerowi.<\/li>\n<li>Prawo do sprzeciwu: mo\u017cesz sprzeciwi\u0107 si\u0119 przetwarzaniu danych. Przestrzegamy tego, chyba \u017ce istniej\u0105 uzasadnione podstawy do przetwarzania.<\/li>\n<\/ul>\n<p>Aby skorzysta\u0107 z tych praw, skontaktuj si\u0119 z nami. Prosz\u0119 odnie\u015b\u0107 si\u0119 do danych kontaktowych na dole tego o\u015bwiadczenia cookie. Je\u015bli masz skarg\u0119 dotycz\u0105c\u0105 sposobu post\u0119powania z Twoimi danymi, chcieliby\u015bmy us\u0142ysze\u0107 od Ciebie, ale masz r\u00f3wnie\u017c prawo z\u0142o\u017cy\u0107 skarg\u0119 do organu nadzorczego (organu ochrony danych).<\/p>\n<h2>7. W\u0142\u0105czanie \/ wy\u0142\u0105czanie i usuwanie plik\u00f3w cookie<\/h2>\n<p>Mo\u017cesz u\u017cy\u0107 przegl\u0105darki internetowej do automatycznego lub r\u0119cznego usuwania plik\u00f3w cookie. Mo\u017cesz r\u00f3wnie\u017c okre\u015bli\u0107, \u017ce niekt\u00f3re pliki cookie mog\u0105 nie by\u0107 umieszczane. Inn\u0105 opcj\u0105 jest zmiana ustawie\u0144 przegl\u0105darki internetowej, tak aby otrzymywa\u0107 komunikat za ka\u017cdym razem, gdy plik cookie zostanie umieszczony. Aby uzyska\u0107 wi\u0119cej informacji na temat tych opcji, zapoznaj si\u0119 z instrukcjami w sekcji pomocy przegl\u0105darki.<\/p>\n<p>Pami\u0119taj, \u017ce nasza witryna mo\u017ce nie dzia\u0142a\u0107 poprawnie, je\u015bli wszystkie pliki cookie s\u0105 wy\u0142\u0105czone. Je\u015bli usuniesz pliki cookie w swojej przegl\u0105darce, zostan\u0105 one ponownie umieszczone po wyra\u017ceniu zgody podczas ponownego odwiedzania naszych stron internetowych.<\/p>\n<h2>8. Dane kontaktowe<\/h2>\n<p>W przypadku pyta\u0144 i \/ lub komentarzy dotycz\u0105cych naszej polityki dotycz\u0105cej plik\u00f3w cookie i tego o\u015bwiadczenia, prosimy o kontakt z nami za pomoc\u0105 nast\u0119puj\u0105cych danych kontaktowych:<\/p>\n<p>Radca prawny Joanna Nowak-Kubiak prowadz\u0105ca dzia\u0142alno\u015b\u0107 gospodarcza pod nazw\u0105 KANCELARIA RADCY PRAWNEGO JOANNA NOWAK-KUBIAK, adres: ul. Parkowa 13\/17 lok. 140, 00-759 Warszawa lub radca prawny Anna Hlo\u017cek prowadz\u0105ca dzia\u0142alno\u015b\u0107 gospodarcz\u0105 pod nazw\u0105 KANCELARIA RADCY PRAWNEGO ANNA HLO\u017bEK, adres: ul. Grochowska 200 lok. 121, 04-357 Warszawa.<br \/>ul. Parkowa 13\/17 lok. 140, 00-759 Warszawa, Polska<br \/>Strona internetowa: <a href=\"https:\/\/nowak-kubiak.pl\">https:\/\/nowak-kubiak.pl<\/a><br \/>Adres e-mail: <a href=\"mailto:kancelaria@nowak-kubiak.pl\">kancelaria@nowak-kubiak.pl<\/a><br \/>Numer telefonu: +48 22 660 4040<\/p>\n<p>Ta Polityka Plik\u00f3w Cookies zosta\u0142a zsynchronizowana z <a href=\"https:\/\/cookiedatabase.org\" target=\"_blank\" rel=\"noopener\">cookiedatabase.org<\/a> w dniu grudzie\u0144 31, 2021<\/p>\n<\/div>\n<\/div>\n<\/article>\n<\/div>\n<p>[\/et_pb_text][\/et_pb_column][\/et_pb_row][\/et_pb_section]<\/p>\n","protected":false},"excerpt":{"rendered":"<p>Polityka cookiesJak przetwarzamy Pa\u0144stwa dane osobowe Polityka plik\u00f3w cookies (EU) To o\u015bwiadczenie dotycz\u0105ce plik\u00f3w cookie by\u0142o ostatnio aktualizowane grudzie\u0144 31, 2021 i dotyczy obywateli Europejskiego Obszaru Gospodarczego. 1. Wprowadzenie Nasza strona internetowa, https:\/\/nowak-kubiak.pl (dalej: \u201estrona internetowa\u201d) u\u017cywa plik\u00f3w cookie i innych powi\u0105zanych technologii (dla wygody wszystkie technologie s\u0105 okre\u015blane jako \u201epliki cookie\u201d). Pliki cookie s\u0105 [&hellip;]<\/p>\n","protected":false},"author":1,"featured_media":0,"parent":0,"menu_order":0,"comment_status":"closed","ping_status":"closed","template":"","meta":{"_et_pb_use_builder":"on","_et_pb_old_content":"[cmplz-document type=\"cookie-statement\" region=\"eu\"]","_et_gb_content_width":"","footnotes":""},"class_list":["post-1404","page","type-page","status-publish","hentry"],"_links":{"self":[{"href":"https:\/\/nowak-kubiak.pl\/ru\/wp-json\/wp\/v2\/pages\/1404","targetHints":{"allow":["GET"]}}],"collection":[{"href":"https:\/\/nowak-kubiak.pl\/ru\/wp-json\/wp\/v2\/pages"}],"about":[{"href":"https:\/\/nowak-kubiak.pl\/ru\/wp-json\/wp\/v2\/types\/page"}],"author":[{"embeddable":true,"href":"https:\/\/nowak-kubiak.pl\/ru\/wp-json\/wp\/v2\/users\/1"}],"replies":[{"embeddable":true,"href":"https:\/\/nowak-kubiak.pl\/ru\/wp-json\/wp\/v2\/comments?post=1404"}],"version-history":[{"count":8,"href":"https:\/\/nowak-kubiak.pl\/ru\/wp-json\/wp\/v2\/pages\/1404\/revisions"}],"predecessor-version":[{"id":1571,"href":"https:\/\/nowak-kubiak.pl\/ru\/wp-json\/wp\/v2\/pages\/1404\/revisions\/1571"}],"wp:attachment":[{"href":"https:\/\/nowak-kubiak.pl\/ru\/wp-json\/wp\/v2\/media?parent=1404"}],"curies":[{"name":"wp","href":"https:\/\/api.w.org\/{rel}","templated":true}]}}