{"id":645,"date":"2020-07-09T20:47:08","date_gmt":"2020-07-09T20:47:08","guid":{"rendered":"https:\/\/nowak-kubiak.pl\/?page_id=645"},"modified":"2022-06-20T14:06:48","modified_gmt":"2022-06-20T13:06:48","slug":"rodo","status":"publish","type":"page","link":"https:\/\/nowak-kubiak.pl\/ru\/rodo\/","title":{"rendered":"\u041f\u043e\u043b\u0438\u0442\u0438\u043a\u0430 \u043a\u043e\u043d\u0444\u0438\u0434\u0435\u043d\u0446\u0438\u0430\u043b\u044c\u043d\u043e\u0441\u0442\u0438"},"content":{"rendered":"<p>[et_pb_section fb_built=&#8221;1&#8243; admin_label=&#8221;Page Title Section&#8221; _builder_version=&#8221;4.16&#8243; use_background_color_gradient=&#8221;on&#8221; background_color_gradient_stops=&#8221;#313e47 0%|rgba(49,62,71,0.5) 32%&#8221; background_color_gradient_overlays_image=&#8221;on&#8221; background_color_gradient_start=&#8221;#313e47&#8243; background_color_gradient_end=&#8221;rgba(49,62,71,0.5)&#8221; background_color_gradient_end_position=&#8221;32%&#8221; background_image=&#8221;https:\/\/nowak-kubiak.pl\/wp-content\/uploads\/2021\/12\/polityka.jpg&#8221; custom_padding=&#8221;120px||120px|&#8221; global_colors_info=&#8221;{}&#8221;][et_pb_row admin_label=&#8221;Page Title Area&#8221; _builder_version=&#8221;4.16&#8243; background_size=&#8221;initial&#8221; background_position=&#8221;top_left&#8221; background_repeat=&#8221;repeat&#8221; global_colors_info=&#8221;{}&#8221;][et_pb_column type=&#8221;4_4&#8243; _builder_version=&#8221;4.16&#8243; custom_padding=&#8221;|||&#8221; global_colors_info=&#8221;{}&#8221; custom_padding__hover=&#8221;|||&#8221;][et_pb_text admin_label=&#8221;Page Title&#8221; _builder_version=&#8221;4.16&#8243; text_text_color=&#8221;#ffffff&#8221; text_font_size=&#8221;18px&#8221; text_line_height=&#8221;2em&#8221; header_font=&#8221;Prata||||||||&#8221; header_font_size=&#8221;60px&#8221; header_line_height=&#8221;1.6em&#8221; text_orientation=&#8221;center&#8221; background_layout=&#8221;dark&#8221; max_width=&#8221;700px&#8221; module_alignment=&#8221;center&#8221; custom_margin=&#8221;||10px|&#8221; animation_style=&#8221;fade&#8221; header_font_size_tablet=&#8221;40px&#8221; header_font_size_phone=&#8221;&#8221; header_font_size_last_edited=&#8221;on|desktop&#8221; global_colors_info=&#8221;{}&#8221;]<\/p>\n<h1>Polityka prywatno\u015bci<\/h1>\n<p>[\/et_pb_text][et_pb_text _builder_version=&#8221;4.16&#8243; _module_preset=&#8221;default&#8221; text_font_size=&#8221;18px&#8221; text_orientation=&#8221;center&#8221; background_layout=&#8221;dark&#8221; custom_margin=&#8221;-20px||||false|false&#8221; custom_margin_tablet=&#8221;&#8221; custom_margin_phone=&#8221;&#8221; custom_margin_last_edited=&#8221;on|desktop&#8221; global_colors_info=&#8221;{}&#8221;]<\/p>\n<p>Jak przetwarzamy Pa\u0144stwa dane osobowe<\/p>\n<p>[\/et_pb_text][\/et_pb_column][\/et_pb_row][\/et_pb_section][et_pb_section fb_built=&#8221;1&#8243; _builder_version=&#8221;4.16&#8243; global_colors_info=&#8221;{}&#8221;][et_pb_row _builder_version=&#8221;4.16&#8243; global_colors_info=&#8221;{}&#8221;][et_pb_column type=&#8221;4_4&#8243; _builder_version=&#8221;4.16&#8243; global_colors_info=&#8221;{}&#8221;][et_pb_text _builder_version=&#8221;4.16&#8243; width=&#8221;75%&#8221; module_alignment=&#8221;center&#8221; global_colors_info=&#8221;{}&#8221;]<\/p>\n<p>Administratorami Pa\u0144stwa danych osobowych s\u0105 radca prawny Joanna Nowak-Kubiak prowadz\u0105ca dzia\u0142alno\u015b\u0107 gospodarcza pod nazw\u0105 KANCELARIA RADCY PRAWNEGO JOANNA NOWAK-KUBIAK, adres: ul. Parkowa 13\/17 lok. 140, 00-759 Warszawa <strong>lub<\/strong> radca prawny Anna Hlo\u017cek prowadz\u0105ca dzia\u0142alno\u015b\u0107 gospodarcz\u0105 pod nazw\u0105 <span style=\"caret-color: #666666; color: #666666; font-family: 'Open Sans', sans-serif; font-size: 16px; font-style: normal; font-variant-caps: normal; font-weight: normal; letter-spacing: normal; orphans: auto; text-align: start; text-indent: 0px; text-transform: none; white-space: normal; widows: auto; word-spacing: 0px; -webkit-text-size-adjust: auto; -webkit-text-stroke-width: 0px; background-color: #f7f7f7; text-decoration: none; display: inline !important; float: none;\">Kancelaria Radcy Prawnego Anny Hlo\u017cek (NIP: 629-231-95-49) z siedzib\u0105 w Warszawie (01-520), ul. Krajewskiego 2 lok. 21.<\/span><\/p>\n<p>Przetwarzamy Pana\/Pani dane osobowe jedynie w celu udzielenia odpowiedzi na zapytania skierowane do nas mailem (podstaw\u0105 przetwarzania Pana\/Pani danych osobowych jest realizacja prawnie uzasadnionych interes\u00f3w Administratora tj. kontakt z u\u017cytkownikami strony internetowej Kancelarii). Pana\/Pani dane osobowe b\u0119d\u0105 przetwarzane przez nas nie d\u0142u\u017cej, ni\u017c jest to potrzebne do udzielenia odpowiedzi na zadane pytanie. Po up\u0142ywie tego czasu b\u0119d\u0105 mog\u0142y by\u0107 przetwarzane jedynie przez okres przedawnienia mo\u017cliwych roszcze\u0144. Podanie przez Pana\/Pani\u0105 danych osobowych jest dobrowolne, ale niezb\u0119dne do tego aby\u015bmy mog\u0142y odpowiedzie\u0107 na Pani\/Pana zapytanie. Ma Pan\/Pani prawo do \u017c\u0105dania od \u00a0nas dost\u0119pu do swoich danych osobowych, ich sprostowania, usuni\u0119cia lub ograniczenia przetwarzania, prawo do wniesienia sprzeciwu wobec przetwarzania, a tak\u017ce o prawo do przenoszenia danych oraz prawo wniesienia skargi do organu nadzorczego.<\/p>\n<p>&nbsp;<\/p>\n<p>\u201eNowak-Kubiak Hlo\u017cek \u2013 Kancelarie Radc\u00f3w Prawnych\u201d to marka handlowa dla Kancelarii Radcy Prawnego Joanny Nowak-Kubiak (NIP:764-105-12-13) z siedzib\u0105 w Warszawie (00-759), ul. Parkowa 13\/17 lok. 140 oraz <span style=\"caret-color: #666666; color: #666666; font-family: 'Open Sans', sans-serif; font-size: 16px; font-style: normal; font-variant-caps: normal; font-weight: normal; letter-spacing: normal; orphans: auto; text-align: start; text-indent: 0px; text-transform: none; white-space: normal; widows: auto; word-spacing: 0px; -webkit-text-size-adjust: auto; -webkit-text-stroke-width: 0px; background-color: #f7f7f7; text-decoration: none; display: inline !important; float: none;\">Kancelarii Radcy Prawnego Anny Hlo\u017cek (NIP: 629-231-95-49) z siedzib\u0105 w Warszawie (01-520), ul. Krajewskiego 2 lok. 21.<\/span><\/p>\n<p>[\/et_pb_text][\/et_pb_column][\/et_pb_row][\/et_pb_section]<\/p>\n","protected":false},"excerpt":{"rendered":"<p>Polityka prywatno\u015bciJak przetwarzamy Pa\u0144stwa dane osoboweAdministratorami Pa\u0144stwa danych osobowych s\u0105 radca prawny Joanna Nowak-Kubiak prowadz\u0105ca dzia\u0142alno\u015b\u0107 gospodarcza pod nazw\u0105 KANCELARIA RADCY PRAWNEGO JOANNA NOWAK-KUBIAK, adres: ul. Parkowa 13\/17 lok. 140, 00-759 Warszawa lub radca prawny Anna Hlo\u017cek prowadz\u0105ca dzia\u0142alno\u015b\u0107 gospodarcz\u0105 pod nazw\u0105 Kancelaria Radcy Prawnego Anny Hlo\u017cek (NIP: 629-231-95-49) z siedzib\u0105 w Warszawie (01-520), ul. [&hellip;]<\/p>\n","protected":false},"author":1,"featured_media":0,"parent":0,"menu_order":0,"comment_status":"closed","ping_status":"closed","template":"","meta":{"_et_pb_use_builder":"on","_et_pb_old_content":"","_et_gb_content_width":"","footnotes":""},"class_list":["post-645","page","type-page","status-publish","hentry"],"_links":{"self":[{"href":"https:\/\/nowak-kubiak.pl\/ru\/wp-json\/wp\/v2\/pages\/645","targetHints":{"allow":["GET"]}}],"collection":[{"href":"https:\/\/nowak-kubiak.pl\/ru\/wp-json\/wp\/v2\/pages"}],"about":[{"href":"https:\/\/nowak-kubiak.pl\/ru\/wp-json\/wp\/v2\/types\/page"}],"author":[{"embeddable":true,"href":"https:\/\/nowak-kubiak.pl\/ru\/wp-json\/wp\/v2\/users\/1"}],"replies":[{"embeddable":true,"href":"https:\/\/nowak-kubiak.pl\/ru\/wp-json\/wp\/v2\/comments?post=645"}],"version-history":[{"count":9,"href":"https:\/\/nowak-kubiak.pl\/ru\/wp-json\/wp\/v2\/pages\/645\/revisions"}],"predecessor-version":[{"id":1622,"href":"https:\/\/nowak-kubiak.pl\/ru\/wp-json\/wp\/v2\/pages\/645\/revisions\/1622"}],"wp:attachment":[{"href":"https:\/\/nowak-kubiak.pl\/ru\/wp-json\/wp\/v2\/media?parent=645"}],"curies":[{"name":"wp","href":"https:\/\/api.w.org\/{rel}","templated":true}]}}