{"id":652,"date":"2020-07-09T21:21:57","date_gmt":"2020-07-09T21:21:57","guid":{"rendered":"https:\/\/nowak-kubiak.pl\/?page_id=652"},"modified":"2022-01-04T21:41:47","modified_gmt":"2022-01-04T20:41:47","slug":"nieruchomosci-i-wsparcie-deweloperow","status":"publish","type":"page","link":"https:\/\/nowak-kubiak.pl\/ru\/nieruchomosci-i-wsparcie-deweloperow\/","title":{"rendered":"Nieruchomo\u015bci i&nbsp;proces budowlany"},"content":{"rendered":"<p>[et_pb_section fb_built=&#8221;1&#8243; admin_label=&#8221;Page Title Section&#8221; _builder_version=&#8221;4.14.4&#8243; use_background_color_gradient=&#8221;on&#8221; background_color_gradient_start=&#8221;#313e47&#8243; background_color_gradient_end=&#8221;rgba(49,62,71,0.5)&#8221; background_color_gradient_end_position=&#8221;32%&#8221; background_color_gradient_overlays_image=&#8221;on&#8221; background_image=&#8221;https:\/\/nowak-kubiak.pl\/wp-content\/uploads\/2020\/07\/law-firm-28.jpg&#8221; custom_padding=&#8221;120px||120px|&#8221; global_colors_info=&#8221;{}&#8221;][et_pb_row admin_label=&#8221;Page Title Area&#8221; _builder_version=&#8221;4.8.1&#8243; background_size=&#8221;initial&#8221; background_position=&#8221;top_left&#8221; background_repeat=&#8221;repeat&#8221; global_colors_info=&#8221;{}&#8221;][et_pb_column type=&#8221;4_4&#8243; _builder_version=&#8221;3.25&#8243; custom_padding=&#8221;|||&#8221; global_colors_info=&#8221;{}&#8221; custom_padding__hover=&#8221;|||&#8221;][et_pb_text admin_label=&#8221;Page Title&#8221; _builder_version=&#8221;4.14.4&#8243; text_text_color=&#8221;#ffffff&#8221; text_font_size=&#8221;18px&#8221; text_line_height=&#8221;2em&#8221; header_font=&#8221;Prata||||||||&#8221; header_font_size=&#8221;60px&#8221; header_line_height=&#8221;1.6em&#8221; text_orientation=&#8221;center&#8221; background_layout=&#8221;dark&#8221; module_alignment=&#8221;center&#8221; custom_margin=&#8221;||10px|&#8221; animation_style=&#8221;fade&#8221; header_font_size_tablet=&#8221;40px&#8221; header_font_size_phone=&#8221;&#8221; header_font_size_last_edited=&#8221;on|desktop&#8221; global_colors_info=&#8221;{}&#8221;]<\/p>\n<h1>Nieruchomo\u015bci i proces budowlany<\/h1>\n<p>[\/et_pb_text][et_pb_text _builder_version=&#8221;4.14.4&#8243; _module_preset=&#8221;default&#8221; text_font_size=&#8221;18px&#8221; text_orientation=&#8221;center&#8221; background_layout=&#8221;dark&#8221; custom_margin=&#8221;-20px||||false|false&#8221; custom_margin_tablet=&#8221;&#8221; custom_margin_phone=&#8221;&#8221; custom_margin_last_edited=&#8221;on|desktop&#8221; global_colors_info=&#8221;{}&#8221;]<\/p>\n<p>Mec. Joanna Nowak-Kubiak<\/p>\n<p>[\/et_pb_text][\/et_pb_column][\/et_pb_row][\/et_pb_section][et_pb_section fb_built=&#8221;1&#8243; admin_label=&#8221;Project Analysis Section&#8221; _builder_version=&#8221;3.22&#8243; custom_padding=&#8221;90px||90px|&#8221; global_colors_info=&#8221;{}&#8221;][et_pb_row admin_label=&#8221;Project Analysis Area&#8221; _builder_version=&#8221;3.25&#8243; custom_padding=&#8221;60px|0px|60px|0px&#8221; border_color_all=&#8221;rgba(51,51,51,0.12)&#8221; border_width_top=&#8221;1px&#8221; global_colors_info=&#8221;{}&#8221;][et_pb_column type=&#8221;4_4&#8243; _builder_version=&#8221;3.25&#8243; custom_padding=&#8221;|||&#8221; global_colors_info=&#8221;{}&#8221; custom_padding__hover=&#8221;|||&#8221;][et_pb_text _builder_version=&#8221;4.14.4&#8243; width=&#8221;75%&#8221; width_tablet=&#8221;75%&#8221; width_phone=&#8221;100%&#8221; width_last_edited=&#8221;on|phone&#8221; max_width=&#8221;100%&#8221; module_alignment=&#8221;center&#8221; animation_direction=&#8221;right&#8221; global_colors_info=&#8221;{}&#8221;]<\/p>\n<ul>\n<li>Pomoc w post\u0119powaniach o regulacje stanu prawnego nieruchomo\u015bci zar\u00f3wno przed urz\u0119dami jak i przed s\u0105dami:<\/li>\n<dd>\u2022 scalenia i podzia\u0142y nieruchomo\u015bci<\/dd>\n<dd>\u2022\u00a0wyw\u0142aszczenia w\u0142asno\u015bci i u\u017cytkowania wieczystego<\/dd>\n<dd>\u2022\u00a0odszkodowania za wyw\u0142aszczenie z nieruchomo\u015bci<\/dd>\n<dd>\u2022\u00a0s\u0142u\u017cebno\u015bci<\/dd>\n<dd>\u2022\u00a0inwestycje liniowe.<\/dd>\n<li>Wsparcie w procesie budowlanym:<\/li>\n<dd>\u2022\u00a0reprezentacja przed organami administracji architektoniczno budowlanej (pozwolenia na budow\u0119, warunki zabudowy, opiniowanie miejscowych plan\u00f3w zagospodarowania przestrzennego)<\/dd>\n<dd>\u2022\u00a0umowy o przygotowanie projekt\u00f3w budowalnych<\/dd>\n<dd>\u2022\u00a0umowy na roboty budowlane \u2013 klasyczne oraz oparte o FIDIC<\/dd>\n<dd>\u2022\u00a0wsparcie prawne roszcze\u0144 wobec inwestor\u00f3w<\/dd>\n<li>Wsparcie w pozyskiwaniu nieruchomo\u015bci, uzyskiwaniu wszelkich decyzji administracyjnych niezb\u0119dnych w celu realizacji inwestycji<\/li>\n<li>Wsparcie w procesie przebudowy lub nadbudowy istniej\u0105cych budynk\u00f3w w tym adaptacji strych\u00f3w:<\/li>\n<dd>\u2022\u00a0analiza mo\u017cliwo\u015bci prawnych inwestycji w oparciu o przepisy prawa miejscowego<\/dd>\n<dd>\u2022\u00a0reprezentacja w negocjacjach ze wsp\u00f3lnotami mieszkaniowymi w tym ze Skarbem Pa\u0144stwa i jednostk\u0105 samorz\u0105du trytorialnego jako wsp\u00f3\u0142w\u0142a\u015bcicielami nieruchomo\u015bci wsp\u00f3lnej<\/dd>\n<dd>\u2022\u00a0umowy o przygotowaniu inwestycji<\/dd>\n<li>Reprezentacja w sporach o wydanie nieruchomo\u015bci oraz o wynagrodzenie za bezumowne korzystanie z nieruchomo\u015bci.<\/li>\n<li>Negocjacje i mediacje oraz prowadzenie proces\u00f3w przed s\u0105dami powszechnymi i administracyjnymi zakresie wskazanym powy\u017cej.<\/li>\n<\/ul>\n<p>[\/et_pb_text][et_pb_image src=&#8221;https:\/\/nowak-kubiak.pl\/wp-content\/uploads\/2020\/07\/nieruchomosci.jpg&#8221; title_text=&#8221;nieruchomosci&#8221; show_bottom_space=&#8221;off&#8221; force_fullwidth=&#8221;on&#8221; align_tablet=&#8221;center&#8221; align_phone=&#8221;&#8221; align_last_edited=&#8221;on|desktop&#8221; _builder_version=&#8221;4.14.4&#8243; custom_margin=&#8221;|||&#8221; custom_padding=&#8221;|||&#8221; animation_direction=&#8221;right&#8221; border_width_all=&#8221;20px&#8221; border_color_all=&#8221;#ffffff&#8221; box_shadow_style=&#8221;preset2&#8243; box_shadow_horizontal=&#8221;0px&#8221; box_shadow_vertical=&#8221;15px&#8221; box_shadow_blur=&#8221;60px&#8221; box_shadow_color=&#8221;rgba(29,61,71,0.2)&#8221; global_colors_info=&#8221;{}&#8221;][\/et_pb_image][\/et_pb_column][\/et_pb_row][\/et_pb_section][et_pb_section fb_built=&#8221;1&#8243; admin_label=&#8221;Service Section&#8221; _builder_version=&#8221;3.22&#8243; background_color=&#8221;#f7f7f7&#8243; custom_padding=&#8221;72px||70px|||&#8221; global_module=&#8221;784&#8243; saved_tabs=&#8221;all&#8221; global_colors_info=&#8221;{}&#8221;][et_pb_row admin_label=&#8221;Service Area&#8221; _builder_version=&#8221;3.25&#8243; locked=&#8221;off&#8221; global_colors_info=&#8221;{}&#8221;][et_pb_column type=&#8221;4_4&#8243; _builder_version=&#8221;3.25&#8243; custom_padding=&#8221;|||&#8221; global_colors_info=&#8221;{}&#8221; custom_padding__hover=&#8221;|||&#8221;][et_pb_text admin_label=&#8221;Title&#8221; _builder_version=&#8221;4.8.0&#8243; text_font=&#8221;||||||||&#8221; header_font=&#8221;||||||||&#8221; header_2_font=&#8221;Prata||||||||&#8221; header_2_text_align=&#8221;center&#8221; header_2_font_size=&#8221;48px&#8221; header_2_line_height=&#8221;1.6em&#8221; module_alignment=&#8221;center&#8221; custom_margin=&#8221;||10px|&#8221; custom_padding=&#8221;|||&#8221; animation_style=&#8221;fade&#8221; header_2_font_size_tablet=&#8221;40px&#8221; header_2_font_size_phone=&#8221;&#8221; header_2_font_size_last_edited=&#8221;on|tablet&#8221; global_colors_info=&#8221;{}&#8221;]<\/p>\n<h2>Obszary praktyki<\/h2>\n<p>[\/et_pb_text][et_pb_divider color=&#8221;#1A3C47&#8243; divider_position=&#8221;center&#8221; divider_weight=&#8221;1px&#8221; _builder_version=&#8221;4.14.4&#8243; max_width=&#8221;50%&#8221; module_alignment=&#8221;center&#8221; animation_style=&#8221;slide&#8221; animation_direction=&#8221;top&#8221; animation_intensity_slide=&#8221;10%&#8221; animation_starting_opacity=&#8221;100%&#8221; locked=&#8221;off&#8221; global_colors_info=&#8221;{}&#8221;][\/et_pb_divider][\/et_pb_column][\/et_pb_row][et_pb_row column_structure=&#8221;1_3,1_3,1_3&#8243; admin_label=&#8221;Service Area&#8221; _builder_version=&#8221;3.25&#8243; locked=&#8221;off&#8221; global_colors_info=&#8221;{}&#8221;][et_pb_column type=&#8221;1_3&#8243; _builder_version=&#8221;3.25&#8243; custom_padding=&#8221;|||&#8221; global_colors_info=&#8221;{}&#8221; custom_padding__hover=&#8221;|||&#8221;][et_pb_blurb title=&#8221;PRAWO MEDYCZNE&#8221; use_icon=&#8221;on&#8221; font_icon=&#8221;&#xe026;||divi||400&#8243; icon_color=&#8221;#D0D8D8&#8243; _builder_version=&#8221;4.14.4&#8243; header_font=&#8221;|600|||||||&#8221; header_text_color=&#8221;#6D6167&#8243; body_font_size=&#8221;16px&#8221; text_orientation=&#8221;center&#8221; animation_style=&#8221;fade&#8221; animation_duration=&#8221;1550ms&#8221; link_option_url=&#8221;https:\/\/nowak-kubiak.pl\/?page_id=564&#8243; locked=&#8221;off&#8221; global_colors_info=&#8221;{}&#8221;]<\/p>\n<p>Kompleksowa obs\u0142uga podmiot\u00f3w leczniczych i praktyk zawodowych. Reprezentacja przed s\u0105dami i Komisjami Wojew\u00f3dzkimi w sprawach o b\u0142\u0119dy w sztuce medycznej. Doradztwo i pomoc pacjentom.<\/p>\n<p>[\/et_pb_blurb][\/et_pb_column][et_pb_column type=&#8221;1_3&#8243; _builder_version=&#8221;3.25&#8243; custom_padding=&#8221;|||&#8221; global_colors_info=&#8221;{}&#8221; custom_padding__hover=&#8221;|||&#8221;][et_pb_blurb title=&#8221;PRAWO RODZINNE I SPADKOWE&#8221; use_icon=&#8221;on&#8221; font_icon=&#8221;&#xe0ff;||divi||400&#8243; icon_color=&#8221;#D0D8D8&#8243; _builder_version=&#8221;4.14.4&#8243; header_font=&#8221;|600|||||||&#8221; header_text_color=&#8221;#6D6167&#8243; body_font_size=&#8221;16px&#8221; text_orientation=&#8221;center&#8221; animation_style=&#8221;fade&#8221; animation_duration=&#8221;1550ms&#8221; link_option_url=&#8221;https:\/\/nowak-kubiak.pl\/?page_id=570&#8243; locked=&#8221;off&#8221; global_colors_info=&#8221;{}&#8221;]<\/p>\n<p>Reprezentacja przed s\u0105dami w sprawach o rozw\u00f3d i separacj\u0119, o opiek\u0119 nad dzie\u0107mi i ustalanie kontakt\u00f3w z dzie\u0107mi, sprawy o podzia\u0142y maj\u0105tku, sprawy o alimenty, sprawy spadkowe.<\/p>\n<p>[\/et_pb_blurb][\/et_pb_column][et_pb_column type=&#8221;1_3&#8243; _builder_version=&#8221;3.25&#8243; custom_padding=&#8221;|||&#8221; global_colors_info=&#8221;{}&#8221; custom_padding__hover=&#8221;|||&#8221;][et_pb_blurb title=&#8221;NIERUCHOMO\u015aCI I PROCES BUDOWLANY&#8221; use_icon=&#8221;on&#8221; font_icon=&#8221;&#xe0ef;||divi||400&#8243; icon_color=&#8221;#D0D8D8&#8243; _builder_version=&#8221;4.14.4&#8243; header_font=&#8221;|600|||||||&#8221; header_text_color=&#8221;#6D6167&#8243; body_font_size=&#8221;16px&#8221; text_orientation=&#8221;center&#8221; animation_style=&#8221;fade&#8221; animation_duration=&#8221;1550ms&#8221; link_option_url=&#8221;https:\/\/nowak-kubiak.pl\/?page_id=652&#8243; global_colors_info=&#8221;{}&#8221;]<\/p>\n<p>Wsparcie prawne procesu inwestycyjnego od regulacji stanu prawnego gruntu, przez uzyskiwanie zg\u00f3d i pozwole\u0144 do oddania do u\u017cytkowania nowopowsta\u0142ych budynk\u00f3w.<\/p>\n<p>[\/et_pb_blurb][\/et_pb_column][\/et_pb_row][et_pb_row column_structure=&#8221;1_3,1_3,1_3&#8243; admin_label=&#8221;Service Area&#8221; _builder_version=&#8221;4.14.4&#8243; custom_margin=&#8221;||||false|false&#8221; locked=&#8221;off&#8221; global_colors_info=&#8221;{}&#8221;][et_pb_column type=&#8221;1_3&#8243; _builder_version=&#8221;3.25&#8243; custom_padding=&#8221;|||&#8221; global_colors_info=&#8221;{}&#8221; custom_padding__hover=&#8221;|||&#8221;][et_pb_blurb title=&#8221;SPRAWY WSP\u00d3LNOT MIESZKANIOWYCH&#8221; use_icon=&#8221;on&#8221; font_icon=&#8221;&#xe009;||divi||400&#8243; icon_color=&#8221;#D0D8D8&#8243; _builder_version=&#8221;4.14.4&#8243; header_font=&#8221;|600|||||||&#8221; header_text_color=&#8221;#6D6167&#8243; body_font_size=&#8221;16px&#8221; text_orientation=&#8221;center&#8221; animation_style=&#8221;fade&#8221; animation_duration=&#8221;1550ms&#8221; link_option_url=&#8221;https:\/\/nowak-kubiak.pl\/?page_id=547&#8243; locked=&#8221;off&#8221; global_colors_info=&#8221;{}&#8221;]<\/p>\n<p>Prowadzenie bie\u017c\u0105cych spraw prawnych wsp\u00f3lnot, reprezentacja przez urz\u0119dami i s\u0105dami, przygotowywanie projekt\u00f3w uchwa\u0142, opiniowanie um\u00f3w. Wsparcie prawne zebra\u0144 wsp\u00f3lnoty.<\/p>\n<p>[\/et_pb_blurb][\/et_pb_column][et_pb_column type=&#8221;1_3&#8243; _builder_version=&#8221;3.25&#8243; custom_padding=&#8221;|||&#8221; global_colors_info=&#8221;{}&#8221; custom_padding__hover=&#8221;|||&#8221;][et_pb_blurb title=&#8221;REPREZENTACJA PRZED URZ\u0118DAMI&#8221; use_icon=&#8221;on&#8221; font_icon=&#8221;&#x69;||divi||400&#8243; icon_color=&#8221;#D0D8D8&#8243; _builder_version=&#8221;4.14.4&#8243; header_font=&#8221;|600|||||||&#8221; header_text_color=&#8221;#6D6167&#8243; body_font_size=&#8221;16px&#8221; text_orientation=&#8221;center&#8221; animation_style=&#8221;fade&#8221; animation_duration=&#8221;1550ms&#8221; link_option_url=&#8221;https:\/\/nowak-kubiak.pl\/?page_id=559&#8243; global_colors_info=&#8221;{}&#8221;]<\/p>\n<p>Wsparcie dla os\u00f3b fizycznych i przedsi\u0119biorc\u00f3w w post\u0119powaniach administracyjnych. Sporz\u0105dzanie za\u017cale\u0144 i odwo\u0142a\u0144 reprezentacja przed s\u0105dami administracyjnymi.<\/p>\n<p>[\/et_pb_blurb][\/et_pb_column][et_pb_column type=&#8221;1_3&#8243; _builder_version=&#8221;3.25&#8243; custom_padding=&#8221;|||&#8221; global_colors_info=&#8221;{}&#8221; custom_padding__hover=&#8221;|||&#8221;][et_pb_blurb title=&#8221;NEGOCJACJE I MEDIACJE&#8221; use_icon=&#8221;on&#8221; font_icon=&#8221;&#xe0e9;||divi||400&#8243; icon_color=&#8221;#D0D8D8&#8243; _builder_version=&#8221;4.14.4&#8243; header_font=&#8221;|600|||||||&#8221; header_text_color=&#8221;#6D6167&#8243; body_font_size=&#8221;16px&#8221; text_orientation=&#8221;center&#8221; animation_style=&#8221;fade&#8221; animation_duration=&#8221;1550ms&#8221; link_option_url=&#8221;https:\/\/nowak-kubiak.pl\/?page_id=578&#8243; locked=&#8221;off&#8221; global_colors_info=&#8221;{}&#8221;]<\/p>\n<p>Pomoc w podejmowaniu decyzji w sytuacjach konfliktu. Wdra\u017canie u przedsi\u0119biorc\u00f3w systemu polubownego rozwi\u0105zywania spor\u00f3w pracowniczych i z klientami. Wsparcie mediacyjne.<\/p>\n<p>[\/et_pb_blurb][\/et_pb_column][\/et_pb_row][\/et_pb_section][et_pb_section fb_built=&#8221;1&#8243; admin_label=&#8221;CTA Section&#8221; _builder_version=&#8221;4.8.0&#8243; use_background_color_gradient=&#8221;on&#8221; background_color_gradient_start=&#8221;#313e47&#8243; background_color_gradient_end=&#8221;rgba(49,62,71,0.74)&#8221; background_color_gradient_overlays_image=&#8221;on&#8221; background_image=&#8221;https:\/\/nowak-kubiak.pl\/wp-content\/uploads\/2020\/07\/law-firm-03.jpg&#8221; width=&#8221;100%&#8221; min_height=&#8221;250px&#8221; custom_padding=&#8221;99px|0px|79px|||&#8221; global_module=&#8221;1299&#8243; saved_tabs=&#8221;all&#8221; locked=&#8221;off&#8221; global_colors_info=&#8221;{}&#8221;][et_pb_row use_custom_gutter=&#8221;on&#8221; gutter_width=&#8221;1&#8243; admin_label=&#8221;CTA Area&#8221; _builder_version=&#8221;4.14.4&#8243; module_alignment=&#8221;center&#8221; locked=&#8221;off&#8221; global_colors_info=&#8221;{}&#8221;][et_pb_column type=&#8221;4_4&#8243; _builder_version=&#8221;3.25&#8243; custom_padding=&#8221;|||&#8221; global_colors_info=&#8221;{}&#8221; custom_padding__hover=&#8221;|||&#8221;][et_pb_text admin_label=&#8221;Title&#8221; _builder_version=&#8221;4.14.4&#8243; text_font=&#8221;||||||||&#8221; header_font=&#8221;||||||||&#8221; header_2_font=&#8221;Prata||||||||&#8221; header_2_font_size=&#8221;48px&#8221; header_2_line_height=&#8221;1.6em&#8221; text_orientation=&#8221;center&#8221; background_layout=&#8221;dark&#8221; module_alignment=&#8221;center&#8221; custom_margin=&#8221;|||&#8221; custom_padding=&#8221;|||&#8221; animation_style=&#8221;fade&#8221; header_2_font_size_tablet=&#8221;40px&#8221; header_2_font_size_phone=&#8221;&#8221; header_2_font_size_last_edited=&#8221;on|tablet&#8221; locked=&#8221;off&#8221; global_colors_info=&#8221;{}&#8221;]<\/p>\n<h2>Zapraszamy<\/h2>\n<p>[\/et_pb_text][\/et_pb_column][\/et_pb_row][\/et_pb_section]<\/p>\n","protected":false},"excerpt":{"rendered":"<p>Nieruchomo\u015bci i proces budowlanyMec. Joanna Nowak-Kubiak Pomoc w post\u0119powaniach o regulacje stanu prawnego nieruchomo\u015bci zar\u00f3wno przed urz\u0119dami jak i przed s\u0105dami: \u2022 scalenia i podzia\u0142y nieruchomo\u015bci \u2022\u00a0wyw\u0142aszczenia w\u0142asno\u015bci i u\u017cytkowania wieczystego \u2022\u00a0odszkodowania za wyw\u0142aszczenie z nieruchomo\u015bci \u2022\u00a0s\u0142u\u017cebno\u015bci \u2022\u00a0inwestycje liniowe. Wsparcie w procesie budowlanym: \u2022\u00a0reprezentacja przed organami administracji architektoniczno budowlanej (pozwolenia na budow\u0119, warunki zabudowy, opiniowanie [&hellip;]<\/p>\n","protected":false},"author":1,"featured_media":0,"parent":0,"menu_order":0,"comment_status":"closed","ping_status":"closed","template":"","meta":{"_et_pb_use_builder":"on","_et_pb_old_content":"","_et_gb_content_width":"","footnotes":""},"class_list":["post-652","page","type-page","status-publish","hentry"],"_links":{"self":[{"href":"https:\/\/nowak-kubiak.pl\/ru\/wp-json\/wp\/v2\/pages\/652","targetHints":{"allow":["GET"]}}],"collection":[{"href":"https:\/\/nowak-kubiak.pl\/ru\/wp-json\/wp\/v2\/pages"}],"about":[{"href":"https:\/\/nowak-kubiak.pl\/ru\/wp-json\/wp\/v2\/types\/page"}],"author":[{"embeddable":true,"href":"https:\/\/nowak-kubiak.pl\/ru\/wp-json\/wp\/v2\/users\/1"}],"replies":[{"embeddable":true,"href":"https:\/\/nowak-kubiak.pl\/ru\/wp-json\/wp\/v2\/comments?post=652"}],"version-history":[{"count":28,"href":"https:\/\/nowak-kubiak.pl\/ru\/wp-json\/wp\/v2\/pages\/652\/revisions"}],"predecessor-version":[{"id":1549,"href":"https:\/\/nowak-kubiak.pl\/ru\/wp-json\/wp\/v2\/pages\/652\/revisions\/1549"}],"wp:attachment":[{"href":"https:\/\/nowak-kubiak.pl\/ru\/wp-json\/wp\/v2\/media?parent=652"}],"curies":[{"name":"wp","href":"https:\/\/api.w.org\/{rel}","templated":true}]}}